{"id":94,"date":"2026-04-16T13:50:16","date_gmt":"2026-04-16T11:50:16","guid":{"rendered":"https:\/\/lou-anne.my-secu.link\/?page_id=94"},"modified":"2026-04-16T13:50:18","modified_gmt":"2026-04-16T11:50:18","slug":"nos-articles","status":"publish","type":"page","link":"https:\/\/lou-anne.my-secu.link\/index.php\/nos-articles\/","title":{"rendered":"Nos articles"},"content":{"rendered":"\n<p>Bienvenue dans l\u2019espace d\u00e9di\u00e9 aux articles de <strong>Lou Joaillerie<\/strong>.<\/p>\n\n\n\n<p>Vous trouverez ici l\u2019ensemble de nos contenus autour de l\u2019univers du bijou, de la mode et de l\u2019\u00e9l\u00e9gance. Nos articles sont pens\u00e9s pour vous accompagner dans vos choix, vous inspirer et vous aider \u00e0 mieux comprendre l\u2019art de sublimer votre style au quotidien.<\/p>\n\n\n\n<p>Conseils, tendances, guides et inspirations : chaque publication a pour objectif de vous apporter des informations utiles et accessibles, tout en restant fid\u00e8le \u00e0 l\u2019univers raffin\u00e9 de Lou Joaillerie.<\/p>\n\n\n<ul class=\"wp-block-latest-posts__list is-grid columns-3 wp-block-latest-posts\"><li><a class=\"wp-block-latest-posts__post-title\" href=\"https:\/\/lou-anne.my-secu.link\/index.php\/2026\/04\/16\/limportance-de-choisir-ses-bijoux-en-fonction-de-sa-colorimetrie\/\">L\u2019importance de choisir ses bijoux en fonction de sa colorim\u00e9trie<\/a><\/li>\n<li><a class=\"wp-block-latest-posts__post-title\" href=\"https:\/\/lou-anne.my-secu.link\/index.php\/2026\/02\/19\/idee-de-sortie-restaurant-a-strasbourg\/\">Pourquoi les bijoux sont bien plus que de simples accessoires ?<\/a><\/li>\n<\/ul>","protected":false},"excerpt":{"rendered":"<p>Bienvenue dans l\u2019espace d\u00e9di\u00e9 aux articles de Lou Joaillerie. Vous trouverez ici l\u2019ensemble de nos contenus autour de l\u2019univers du bijou, de la mode et de l\u2019\u00e9l\u00e9gance. Nos articles sont pens\u00e9s pour vous accompagner dans vos choix, vous inspirer et vous aider \u00e0 mieux comprendre l\u2019art de sublimer votre style au quotidien. Conseils, tendances, guides [&hellip;]<\/p>\n","protected":false},"author":1,"featured_media":0,"parent":0,"menu_order":0,"comment_status":"closed","ping_status":"closed","template":"","meta":{"footnotes":""},"class_list":["post-94","page","type-page","status-publish","hentry"],"yoast_head":"<!-- This site is optimized with the Yoast SEO plugin v27.0 - https:\/\/yoast.com\/product\/yoast-seo-wordpress\/ -->\n<title>Nos articles -<\/title>\n<meta name=\"robots\" content=\"index, follow, max-snippet:-1, max-image-preview:large, max-video-preview:-1\" \/>\n<link rel=\"canonical\" href=\"https:\/\/lou-anne.my-secu.link\/index.php\/nos-articles\/\" \/>\n<meta property=\"og:locale\" content=\"fr_FR\" \/>\n<meta property=\"og:type\" content=\"article\" \/>\n<meta property=\"og:title\" content=\"Nos articles -\" \/>\n<meta property=\"og:description\" content=\"Bienvenue dans l\u2019espace d\u00e9di\u00e9 aux articles de Lou Joaillerie. Vous trouverez ici l\u2019ensemble de nos contenus autour de l\u2019univers du bijou, de la mode et de l\u2019\u00e9l\u00e9gance. Nos articles sont pens\u00e9s pour vous accompagner dans vos choix, vous inspirer et vous aider \u00e0 mieux comprendre l\u2019art de sublimer votre style au quotidien. Conseils, tendances, guides [&hellip;]\" \/>\n<meta property=\"og:url\" content=\"https:\/\/lou-anne.my-secu.link\/index.php\/nos-articles\/\" \/>\n<meta property=\"article:modified_time\" content=\"2026-04-16T11:50:18+00:00\" \/>\n<meta name=\"twitter:card\" content=\"summary_large_image\" \/>\n<meta name=\"twitter:label1\" content=\"Dur\u00e9e de lecture estim\u00e9e\" \/>\n\t<meta name=\"twitter:data1\" content=\"1 minute\" \/>\n<script type=\"application\/ld+json\" class=\"yoast-schema-graph\">{\"@context\":\"https:\/\/schema.org\",\"@graph\":[{\"@type\":\"WebPage\",\"@id\":\"https:\/\/lou-anne.my-secu.link\/index.php\/nos-articles\/\",\"url\":\"https:\/\/lou-anne.my-secu.link\/index.php\/nos-articles\/\",\"name\":\"Nos articles -\",\"isPartOf\":{\"@id\":\"https:\/\/lou-anne.my-secu.link\/#website\"},\"datePublished\":\"2026-04-16T11:50:16+00:00\",\"dateModified\":\"2026-04-16T11:50:18+00:00\",\"breadcrumb\":{\"@id\":\"https:\/\/lou-anne.my-secu.link\/index.php\/nos-articles\/#breadcrumb\"},\"inLanguage\":\"fr-FR\",\"potentialAction\":[{\"@type\":\"ReadAction\",\"target\":[\"https:\/\/lou-anne.my-secu.link\/index.php\/nos-articles\/\"]}]},{\"@type\":\"BreadcrumbList\",\"@id\":\"https:\/\/lou-anne.my-secu.link\/index.php\/nos-articles\/#breadcrumb\",\"itemListElement\":[{\"@type\":\"ListItem\",\"position\":1,\"name\":\"Accueil\",\"item\":\"https:\/\/lou-anne.my-secu.link\/\"},{\"@type\":\"ListItem\",\"position\":2,\"name\":\"Nos articles\"}]},{\"@type\":\"WebSite\",\"@id\":\"https:\/\/lou-anne.my-secu.link\/#website\",\"url\":\"https:\/\/lou-anne.my-secu.link\/\",\"name\":\"\",\"description\":\"L\u2019\u00e9l\u00e9gance qui vous ressemble.\",\"potentialAction\":[{\"@type\":\"SearchAction\",\"target\":{\"@type\":\"EntryPoint\",\"urlTemplate\":\"https:\/\/lou-anne.my-secu.link\/?s={search_term_string}\"},\"query-input\":{\"@type\":\"PropertyValueSpecification\",\"valueRequired\":true,\"valueName\":\"search_term_string\"}}],\"inLanguage\":\"fr-FR\"}]}<\/script>\n<!-- \/ Yoast SEO plugin. -->","yoast_head_json":{"title":"Nos articles -","robots":{"index":"index","follow":"follow","max-snippet":"max-snippet:-1","max-image-preview":"max-image-preview:large","max-video-preview":"max-video-preview:-1"},"canonical":"https:\/\/lou-anne.my-secu.link\/index.php\/nos-articles\/","og_locale":"fr_FR","og_type":"article","og_title":"Nos articles -","og_description":"Bienvenue dans l\u2019espace d\u00e9di\u00e9 aux articles de Lou Joaillerie. Vous trouverez ici l\u2019ensemble de nos contenus autour de l\u2019univers du bijou, de la mode et de l\u2019\u00e9l\u00e9gance. Nos articles sont pens\u00e9s pour vous accompagner dans vos choix, vous inspirer et vous aider \u00e0 mieux comprendre l\u2019art de sublimer votre style au quotidien. Conseils, tendances, guides [&hellip;]","og_url":"https:\/\/lou-anne.my-secu.link\/index.php\/nos-articles\/","article_modified_time":"2026-04-16T11:50:18+00:00","twitter_card":"summary_large_image","twitter_misc":{"Dur\u00e9e de lecture estim\u00e9e":"1 minute"},"schema":{"@context":"https:\/\/schema.org","@graph":[{"@type":"WebPage","@id":"https:\/\/lou-anne.my-secu.link\/index.php\/nos-articles\/","url":"https:\/\/lou-anne.my-secu.link\/index.php\/nos-articles\/","name":"Nos articles -","isPartOf":{"@id":"https:\/\/lou-anne.my-secu.link\/#website"},"datePublished":"2026-04-16T11:50:16+00:00","dateModified":"2026-04-16T11:50:18+00:00","breadcrumb":{"@id":"https:\/\/lou-anne.my-secu.link\/index.php\/nos-articles\/#breadcrumb"},"inLanguage":"fr-FR","potentialAction":[{"@type":"ReadAction","target":["https:\/\/lou-anne.my-secu.link\/index.php\/nos-articles\/"]}]},{"@type":"BreadcrumbList","@id":"https:\/\/lou-anne.my-secu.link\/index.php\/nos-articles\/#breadcrumb","itemListElement":[{"@type":"ListItem","position":1,"name":"Accueil","item":"https:\/\/lou-anne.my-secu.link\/"},{"@type":"ListItem","position":2,"name":"Nos articles"}]},{"@type":"WebSite","@id":"https:\/\/lou-anne.my-secu.link\/#website","url":"https:\/\/lou-anne.my-secu.link\/","name":"","description":"L\u2019\u00e9l\u00e9gance qui vous ressemble.","potentialAction":[{"@type":"SearchAction","target":{"@type":"EntryPoint","urlTemplate":"https:\/\/lou-anne.my-secu.link\/?s={search_term_string}"},"query-input":{"@type":"PropertyValueSpecification","valueRequired":true,"valueName":"search_term_string"}}],"inLanguage":"fr-FR"}]}},"jetpack_sharing_enabled":true,"_links":{"self":[{"href":"https:\/\/lou-anne.my-secu.link\/index.php\/wp-json\/wp\/v2\/pages\/94","targetHints":{"allow":["GET"]}}],"collection":[{"href":"https:\/\/lou-anne.my-secu.link\/index.php\/wp-json\/wp\/v2\/pages"}],"about":[{"href":"https:\/\/lou-anne.my-secu.link\/index.php\/wp-json\/wp\/v2\/types\/page"}],"author":[{"embeddable":true,"href":"https:\/\/lou-anne.my-secu.link\/index.php\/wp-json\/wp\/v2\/users\/1"}],"replies":[{"embeddable":true,"href":"https:\/\/lou-anne.my-secu.link\/index.php\/wp-json\/wp\/v2\/comments?post=94"}],"version-history":[{"count":1,"href":"https:\/\/lou-anne.my-secu.link\/index.php\/wp-json\/wp\/v2\/pages\/94\/revisions"}],"predecessor-version":[{"id":96,"href":"https:\/\/lou-anne.my-secu.link\/index.php\/wp-json\/wp\/v2\/pages\/94\/revisions\/96"}],"wp:attachment":[{"href":"https:\/\/lou-anne.my-secu.link\/index.php\/wp-json\/wp\/v2\/media?parent=94"}],"curies":[{"name":"wp","href":"https:\/\/api.w.org\/{rel}","templated":true}]}}