{"id":113,"date":"2026-04-16T14:25:48","date_gmt":"2026-04-16T12:25:48","guid":{"rendered":"https:\/\/lou-anne.my-secu.link\/?page_id=113"},"modified":"2026-04-16T14:25:50","modified_gmt":"2026-04-16T12:25:50","slug":"notre-histoire","status":"publish","type":"page","link":"https:\/\/lou-anne.my-secu.link\/index.php\/notre-histoire\/","title":{"rendered":"Notre Histoire"},"content":{"rendered":"\n<h3 class=\"wp-block-heading\">L\u2019UNIVERS DE LOU JOAILLERIE, UNE CR\u00c9ATRICE INSPIR\u00c9E<\/h3>\n\n\n\n<div class=\"wp-block-media-text has-media-on-the-right is-stacked-on-mobile\"><div class=\"wp-block-media-text__content\">\n<p>Lou Joaillerie est une marque port\u00e9e par une femme passionn\u00e9e et intuitive.<\/p>\n\n\n\n<p>Amoureuse des voyages, des objets charg\u00e9s d\u2019histoire et du savoir-faire artisanal, elle puise son inspiration dans les rencontres, les mati\u00e8res et les d\u00e9tails du quotidien.<\/p>\n\n\n\n<p>Apr\u00e8s des \u00e9tudes orient\u00e9es vers les arts et la cr\u00e9ation, elle d\u00e9veloppe tr\u00e8s t\u00f4t un go\u00fbt prononc\u00e9 pour les bijoux uniques et les pi\u00e8ces qui racontent quelque chose. Elle ouvre ensuite un premier espace cr\u00e9atif intimiste, pens\u00e9 comme un atelier-boutique o\u00f9 naissent ses premi\u00e8res id\u00e9es de collections.<\/p>\n\n\n\n<p>De retour dans sa r\u00e9gion natale, elle lance ses premi\u00e8res cr\u00e9ations de bracelets en 2009, des pi\u00e8ces modulables et riches en textures, m\u00ealant cha\u00eenes, cordons, perles et mati\u00e8res naturelles, con\u00e7ues pour s\u2019accumuler et se porter librement.<\/p>\n\n\n\n<p>Face au succ\u00e8s grandissant de ses bijoux, elle d\u00e9cide de structurer son univers et donne naissance \u00e0 sa marque : <strong>Lou Joaillerie<\/strong>, un nom qui incarne \u00e0 la fois douceur, \u00e9l\u00e9gance et personnalit\u00e9.<\/p>\n<\/div><figure class=\"wp-block-media-text__media\"><img loading=\"lazy\" decoding=\"async\" width=\"768\" height=\"1024\" src=\"https:\/\/lou-anne.my-secu.link\/wp-content\/uploads\/2026\/04\/6148ade5eb71732377c8adac78b5650f-768x1024.jpg\" alt=\"\" class=\"wp-image-56 size-full\" srcset=\"https:\/\/lou-anne.my-secu.link\/wp-content\/uploads\/2026\/04\/6148ade5eb71732377c8adac78b5650f-768x1024.jpg 768w, https:\/\/lou-anne.my-secu.link\/wp-content\/uploads\/2026\/04\/6148ade5eb71732377c8adac78b5650f-600x800.jpg 600w, https:\/\/lou-anne.my-secu.link\/wp-content\/uploads\/2026\/04\/6148ade5eb71732377c8adac78b5650f-225x300.jpg 225w, https:\/\/lou-anne.my-secu.link\/wp-content\/uploads\/2026\/04\/6148ade5eb71732377c8adac78b5650f-1152x1536.jpg 1152w, https:\/\/lou-anne.my-secu.link\/wp-content\/uploads\/2026\/04\/6148ade5eb71732377c8adac78b5650f.jpg 1200w\" sizes=\"auto, (max-width: 768px) 100vw, 768px\" \/><\/figure><\/div>\n\n\n\n<hr class=\"wp-block-separator has-alpha-channel-opacity\"\/>\n\n\n\n<div class=\"wp-block-media-text is-stacked-on-mobile\"><figure class=\"wp-block-media-text__media\"><video controls src=\"https:\/\/lou-anne.my-secu.link\/wp-content\/uploads\/2026\/04\/notre-histoire.mp4\"><\/video><\/figure><div class=\"wp-block-media-text__content\">\n<p>LOU JOAILLERIE<\/p>\n\n\n\n<h3 class=\"wp-block-heading\">DES BIJOUX FAITS MAIN, UN SAVOIR-FAIRE ARTISANAL<\/h3>\n\n\n\n<p>Lou Joaillerie installe son atelier dans un lieu inspirant, lumineux et \u00e9pur\u00e9, o\u00f9 sont imagin\u00e9es et fabriqu\u00e9es toutes les collections : bracelets, boucles d\u2019oreilles, colliers et pi\u00e8ces uniques.<\/p>\n\n\n\n<p>Une \u00e9quipe d\u2019artisans passionn\u00e9s travaille chaque cr\u00e9ation \u00e0 la main : percer, enfiler, assembler, texturer et sublimer chaque bijou avec pr\u00e9cision et patience.<\/p>\n\n\n\n<p>Les mati\u00e8res sont s\u00e9lectionn\u00e9es avec soin aux quatre coins du monde, aupr\u00e8s de partenaires et de savoir-faire traditionnels. Les cr\u00e9ations associent perles anciennes, laiton dor\u00e9, plaqu\u00e9 argent et pierres fines telles que la tourmaline, la turquoise, la labradorite, l\u2019agate ou encore le quartz, pour cr\u00e9er des bijoux uniques et intemporels.<\/p>\n<\/div><\/div>\n\n\n\n<hr class=\"wp-block-separator has-alpha-channel-opacity\"\/>\n\n\n\n<figure class=\"wp-block-image size-large\"><img loading=\"lazy\" decoding=\"async\" width=\"1024\" height=\"342\" src=\"https:\/\/lou-anne.my-secu.link\/wp-content\/uploads\/2026\/04\/image-1024x342.png\" alt=\"\" class=\"wp-image-115\" srcset=\"https:\/\/lou-anne.my-secu.link\/wp-content\/uploads\/2026\/04\/image-1024x342.png 1024w, https:\/\/lou-anne.my-secu.link\/wp-content\/uploads\/2026\/04\/image-300x100.png 300w, https:\/\/lou-anne.my-secu.link\/wp-content\/uploads\/2026\/04\/image-768x256.png 768w, https:\/\/lou-anne.my-secu.link\/wp-content\/uploads\/2026\/04\/image-600x200.png 600w, https:\/\/lou-anne.my-secu.link\/wp-content\/uploads\/2026\/04\/image.png 1259w\" sizes=\"auto, (max-width: 1024px) 100vw, 1024px\" \/><\/figure>\n\n\n\n<figure class=\"wp-block-image size-large\"><img loading=\"lazy\" decoding=\"async\" width=\"1024\" height=\"163\" src=\"https:\/\/lou-anne.my-secu.link\/wp-content\/uploads\/2026\/04\/image-1-1024x163.png\" alt=\"\" class=\"wp-image-116\" srcset=\"https:\/\/lou-anne.my-secu.link\/wp-content\/uploads\/2026\/04\/image-1-1024x163.png 1024w, https:\/\/lou-anne.my-secu.link\/wp-content\/uploads\/2026\/04\/image-1-300x48.png 300w, https:\/\/lou-anne.my-secu.link\/wp-content\/uploads\/2026\/04\/image-1-768x122.png 768w, https:\/\/lou-anne.my-secu.link\/wp-content\/uploads\/2026\/04\/image-1-600x95.png 600w, https:\/\/lou-anne.my-secu.link\/wp-content\/uploads\/2026\/04\/image-1.png 1175w\" sizes=\"auto, (max-width: 1024px) 100vw, 1024px\" \/><\/figure>\n","protected":false},"excerpt":{"rendered":"<p>L\u2019UNIVERS DE LOU JOAILLERIE, UNE CR\u00c9ATRICE INSPIR\u00c9E Lou Joaillerie est une marque port\u00e9e par une femme passionn\u00e9e et intuitive. Amoureuse des voyages, des objets charg\u00e9s d\u2019histoire et du savoir-faire artisanal, elle puise son inspiration dans les rencontres, les mati\u00e8res et les d\u00e9tails du quotidien. Apr\u00e8s des \u00e9tudes orient\u00e9es vers les arts et la cr\u00e9ation, elle [&hellip;]<\/p>\n","protected":false},"author":1,"featured_media":0,"parent":0,"menu_order":0,"comment_status":"closed","ping_status":"closed","template":"","meta":{"footnotes":""},"class_list":["post-113","page","type-page","status-publish","hentry"],"yoast_head":"<!-- This site is optimized with the Yoast SEO plugin v27.0 - https:\/\/yoast.com\/product\/yoast-seo-wordpress\/ -->\n<title>Notre Histoire -<\/title>\n<meta name=\"robots\" content=\"index, follow, max-snippet:-1, max-image-preview:large, max-video-preview:-1\" \/>\n<link rel=\"canonical\" href=\"https:\/\/lou-anne.my-secu.link\/index.php\/notre-histoire\/\" \/>\n<meta property=\"og:locale\" content=\"fr_FR\" \/>\n<meta property=\"og:type\" content=\"article\" \/>\n<meta property=\"og:title\" content=\"Notre Histoire -\" \/>\n<meta property=\"og:description\" content=\"L\u2019UNIVERS DE LOU JOAILLERIE, UNE CR\u00c9ATRICE INSPIR\u00c9E Lou Joaillerie est une marque port\u00e9e par une femme passionn\u00e9e et intuitive. Amoureuse des voyages, des objets charg\u00e9s d\u2019histoire et du savoir-faire artisanal, elle puise son inspiration dans les rencontres, les mati\u00e8res et les d\u00e9tails du quotidien. Apr\u00e8s des \u00e9tudes orient\u00e9es vers les arts et la cr\u00e9ation, elle [&hellip;]\" \/>\n<meta property=\"og:url\" content=\"https:\/\/lou-anne.my-secu.link\/index.php\/notre-histoire\/\" \/>\n<meta property=\"article:modified_time\" content=\"2026-04-16T12:25:50+00:00\" \/>\n<meta property=\"og:image\" content=\"https:\/\/lou-anne.my-secu.link\/wp-content\/uploads\/2026\/04\/6148ade5eb71732377c8adac78b5650f.jpg\" \/>\n\t<meta property=\"og:image:width\" content=\"1200\" \/>\n\t<meta property=\"og:image:height\" content=\"1600\" \/>\n\t<meta property=\"og:image:type\" content=\"image\/jpeg\" \/>\n<meta name=\"twitter:card\" content=\"summary_large_image\" \/>\n<meta name=\"twitter:label1\" content=\"Dur\u00e9e de lecture estim\u00e9e\" \/>\n\t<meta name=\"twitter:data1\" content=\"2 minutes\" \/>\n<script type=\"application\/ld+json\" class=\"yoast-schema-graph\">{\"@context\":\"https:\/\/schema.org\",\"@graph\":[{\"@type\":\"WebPage\",\"@id\":\"https:\/\/lou-anne.my-secu.link\/index.php\/notre-histoire\/\",\"url\":\"https:\/\/lou-anne.my-secu.link\/index.php\/notre-histoire\/\",\"name\":\"Notre Histoire -\",\"isPartOf\":{\"@id\":\"https:\/\/lou-anne.my-secu.link\/#website\"},\"primaryImageOfPage\":{\"@id\":\"https:\/\/lou-anne.my-secu.link\/index.php\/notre-histoire\/#primaryimage\"},\"image\":{\"@id\":\"https:\/\/lou-anne.my-secu.link\/index.php\/notre-histoire\/#primaryimage\"},\"thumbnailUrl\":\"https:\/\/lou-anne.my-secu.link\/wp-content\/uploads\/2026\/04\/6148ade5eb71732377c8adac78b5650f-768x1024.jpg\",\"datePublished\":\"2026-04-16T12:25:48+00:00\",\"dateModified\":\"2026-04-16T12:25:50+00:00\",\"breadcrumb\":{\"@id\":\"https:\/\/lou-anne.my-secu.link\/index.php\/notre-histoire\/#breadcrumb\"},\"inLanguage\":\"fr-FR\",\"potentialAction\":[{\"@type\":\"ReadAction\",\"target\":[\"https:\/\/lou-anne.my-secu.link\/index.php\/notre-histoire\/\"]}]},{\"@type\":\"ImageObject\",\"inLanguage\":\"fr-FR\",\"@id\":\"https:\/\/lou-anne.my-secu.link\/index.php\/notre-histoire\/#primaryimage\",\"url\":\"https:\/\/lou-anne.my-secu.link\/wp-content\/uploads\/2026\/04\/6148ade5eb71732377c8adac78b5650f.jpg\",\"contentUrl\":\"https:\/\/lou-anne.my-secu.link\/wp-content\/uploads\/2026\/04\/6148ade5eb71732377c8adac78b5650f.jpg\",\"width\":1200,\"height\":1600},{\"@type\":\"BreadcrumbList\",\"@id\":\"https:\/\/lou-anne.my-secu.link\/index.php\/notre-histoire\/#breadcrumb\",\"itemListElement\":[{\"@type\":\"ListItem\",\"position\":1,\"name\":\"Accueil\",\"item\":\"https:\/\/lou-anne.my-secu.link\/\"},{\"@type\":\"ListItem\",\"position\":2,\"name\":\"Notre Histoire\"}]},{\"@type\":\"WebSite\",\"@id\":\"https:\/\/lou-anne.my-secu.link\/#website\",\"url\":\"https:\/\/lou-anne.my-secu.link\/\",\"name\":\"\",\"description\":\"L\u2019\u00e9l\u00e9gance qui vous ressemble.\",\"potentialAction\":[{\"@type\":\"SearchAction\",\"target\":{\"@type\":\"EntryPoint\",\"urlTemplate\":\"https:\/\/lou-anne.my-secu.link\/?s={search_term_string}\"},\"query-input\":{\"@type\":\"PropertyValueSpecification\",\"valueRequired\":true,\"valueName\":\"search_term_string\"}}],\"inLanguage\":\"fr-FR\"}]}<\/script>\n<!-- \/ Yoast SEO plugin. -->","yoast_head_json":{"title":"Notre Histoire -","robots":{"index":"index","follow":"follow","max-snippet":"max-snippet:-1","max-image-preview":"max-image-preview:large","max-video-preview":"max-video-preview:-1"},"canonical":"https:\/\/lou-anne.my-secu.link\/index.php\/notre-histoire\/","og_locale":"fr_FR","og_type":"article","og_title":"Notre Histoire -","og_description":"L\u2019UNIVERS DE LOU JOAILLERIE, UNE CR\u00c9ATRICE INSPIR\u00c9E Lou Joaillerie est une marque port\u00e9e par une femme passionn\u00e9e et intuitive. Amoureuse des voyages, des objets charg\u00e9s d\u2019histoire et du savoir-faire artisanal, elle puise son inspiration dans les rencontres, les mati\u00e8res et les d\u00e9tails du quotidien. Apr\u00e8s des \u00e9tudes orient\u00e9es vers les arts et la cr\u00e9ation, elle [&hellip;]","og_url":"https:\/\/lou-anne.my-secu.link\/index.php\/notre-histoire\/","article_modified_time":"2026-04-16T12:25:50+00:00","og_image":[{"width":1200,"height":1600,"url":"https:\/\/lou-anne.my-secu.link\/wp-content\/uploads\/2026\/04\/6148ade5eb71732377c8adac78b5650f.jpg","type":"image\/jpeg"}],"twitter_card":"summary_large_image","twitter_misc":{"Dur\u00e9e de lecture estim\u00e9e":"2 minutes"},"schema":{"@context":"https:\/\/schema.org","@graph":[{"@type":"WebPage","@id":"https:\/\/lou-anne.my-secu.link\/index.php\/notre-histoire\/","url":"https:\/\/lou-anne.my-secu.link\/index.php\/notre-histoire\/","name":"Notre Histoire -","isPartOf":{"@id":"https:\/\/lou-anne.my-secu.link\/#website"},"primaryImageOfPage":{"@id":"https:\/\/lou-anne.my-secu.link\/index.php\/notre-histoire\/#primaryimage"},"image":{"@id":"https:\/\/lou-anne.my-secu.link\/index.php\/notre-histoire\/#primaryimage"},"thumbnailUrl":"https:\/\/lou-anne.my-secu.link\/wp-content\/uploads\/2026\/04\/6148ade5eb71732377c8adac78b5650f-768x1024.jpg","datePublished":"2026-04-16T12:25:48+00:00","dateModified":"2026-04-16T12:25:50+00:00","breadcrumb":{"@id":"https:\/\/lou-anne.my-secu.link\/index.php\/notre-histoire\/#breadcrumb"},"inLanguage":"fr-FR","potentialAction":[{"@type":"ReadAction","target":["https:\/\/lou-anne.my-secu.link\/index.php\/notre-histoire\/"]}]},{"@type":"ImageObject","inLanguage":"fr-FR","@id":"https:\/\/lou-anne.my-secu.link\/index.php\/notre-histoire\/#primaryimage","url":"https:\/\/lou-anne.my-secu.link\/wp-content\/uploads\/2026\/04\/6148ade5eb71732377c8adac78b5650f.jpg","contentUrl":"https:\/\/lou-anne.my-secu.link\/wp-content\/uploads\/2026\/04\/6148ade5eb71732377c8adac78b5650f.jpg","width":1200,"height":1600},{"@type":"BreadcrumbList","@id":"https:\/\/lou-anne.my-secu.link\/index.php\/notre-histoire\/#breadcrumb","itemListElement":[{"@type":"ListItem","position":1,"name":"Accueil","item":"https:\/\/lou-anne.my-secu.link\/"},{"@type":"ListItem","position":2,"name":"Notre Histoire"}]},{"@type":"WebSite","@id":"https:\/\/lou-anne.my-secu.link\/#website","url":"https:\/\/lou-anne.my-secu.link\/","name":"","description":"L\u2019\u00e9l\u00e9gance qui vous ressemble.","potentialAction":[{"@type":"SearchAction","target":{"@type":"EntryPoint","urlTemplate":"https:\/\/lou-anne.my-secu.link\/?s={search_term_string}"},"query-input":{"@type":"PropertyValueSpecification","valueRequired":true,"valueName":"search_term_string"}}],"inLanguage":"fr-FR"}]}},"jetpack_sharing_enabled":true,"_links":{"self":[{"href":"https:\/\/lou-anne.my-secu.link\/index.php\/wp-json\/wp\/v2\/pages\/113","targetHints":{"allow":["GET"]}}],"collection":[{"href":"https:\/\/lou-anne.my-secu.link\/index.php\/wp-json\/wp\/v2\/pages"}],"about":[{"href":"https:\/\/lou-anne.my-secu.link\/index.php\/wp-json\/wp\/v2\/types\/page"}],"author":[{"embeddable":true,"href":"https:\/\/lou-anne.my-secu.link\/index.php\/wp-json\/wp\/v2\/users\/1"}],"replies":[{"embeddable":true,"href":"https:\/\/lou-anne.my-secu.link\/index.php\/wp-json\/wp\/v2\/comments?post=113"}],"version-history":[{"count":1,"href":"https:\/\/lou-anne.my-secu.link\/index.php\/wp-json\/wp\/v2\/pages\/113\/revisions"}],"predecessor-version":[{"id":118,"href":"https:\/\/lou-anne.my-secu.link\/index.php\/wp-json\/wp\/v2\/pages\/113\/revisions\/118"}],"wp:attachment":[{"href":"https:\/\/lou-anne.my-secu.link\/index.php\/wp-json\/wp\/v2\/media?parent=113"}],"curies":[{"name":"wp","href":"https:\/\/api.w.org\/{rel}","templated":true}]}}